{"id":2,"date":"2009-06-16T17:23:46","date_gmt":"2009-06-16T13:23:46","guid":{"rendered":"http:\/\/wp1172298.wp201.webpack.hosteurope.de\/blog\/?page_id=2"},"modified":"2026-01-17T11:02:53","modified_gmt":"2026-01-17T10:02:53","slug":"about","status":"publish","type":"page","link":"https:\/\/borncity.com\/blog\/about\/","title":{"rendered":"About\/Impressum"},"content":{"rendered":"<p>Dies ist der Blog des <a href=\"http:\/\/www.borncity.de\/autor\/BornIntr.htm\" target=\"_blank\" rel=\"noopener\">Autors G\u00fcnter Born<\/a>\u00a0mit Impressum und Disclaimer f\u00fcr die Websites\u00a0borncity.de\u00a0und\u00a0<a href=\"https:\/\/www.borncity.com\/blog\" target=\"_blank\" rel=\"noopener\">borncity.com\/blog<\/a>.<\/p>\n<h2>Impressum<\/h2>\n<p>Betreiber des Blogs und redaktionell f\u00fcr die Inhalte verantwortlich.<\/p>\n<p>G\u00fcnter Born<br \/>\nZum Gimbacher Hof 2a<br \/>\n65779 Kelkheim<br \/>\nTel. +49 6195-61103 (das ist keine Support-Hotline f\u00fcr Probleme!)<br \/>\nMail: gborn [ at ] borncity. de<br \/>\nUms.ST.ID: DE 11-42.455-8-4<\/p>\n<p><a href=\"https:\/\/borncity.com\/blog\/wp-content\/uploads\/2011\/04\/BornImpressum1.jpg\"><img loading=\"lazy\" decoding=\"async\" style=\"display: inline; border: 0px;\" title=\"BornImpressum1\" src=\"https:\/\/borncity.com\/blog\/wp-content\/uploads\/2011\/04\/BornImpressum1_thumb.jpg\" alt=\"BornImpressum1\" width=\"287\" height=\"138\" border=\"0\" \/><\/a><\/p>\n<p>Sie k\u00f6nnen \u00fcber die obige E-Mail-Adresse Verbindung mit mir aufnehmen. Beachten Sie aber, dass ich keine individuelle Beratung oder kostenlose Hotline in PC-Fragen oder bei PC-Problemen biete.<\/p>\n<blockquote><p>PS: Vor Anfragen zur Ver\u00f6ffentlichung von \"Gastbeitr\u00e4gen\" oder sponsored Posts bitte die Hinweise unter <a href=\"https:\/\/borncity.com\/blog\/werben-im-blog\/\" target=\"_blank\" rel=\"noopener\">Werben im Blog<\/a> durchlesen. Die typischen Anfragen mit gmail.com-Mail-Adresse ohne Nennung der Details l\u00f6sche ich inzwischen unbeantwortet\u00a0 &#8211; danke.<\/p><\/blockquote>\n<h2>Eigent\u00fcmer der Seite<\/h2>\n<p>Eigent\u00fcmer der Domain <a href=\"https:\/\/borncity.com\" target=\"_blank\" rel=\"noopener\">borncity.com<\/a> und des IT-Blogs ist seit Dez. 2025 die:<\/p>\n<p><strong>DNV Media GmbH<\/strong><br \/>\nBornheimer Stra\u00dfe 180<br \/>\n53119 Bonn<br \/>\nDeutschland<\/p>\n<h3 class=\"wp-block-heading\">Kontakt<\/h3>\n<p>Telefon: +49 (0) 228-28627410<br \/>\nE-Mail: info@dnv-media.de<\/p>\n<p>Der Anbieter ist auch f\u00fcr die komplette technische Seite samt Implementierung und DSGVO-Fragen zust\u00e4ndig &#8211; also alles au\u00dferhalb Fragen zu Artikelinhalten.<\/p>\n<h2>Disclaimer \/ Haftungsausschluss<\/h2>\n<p>Mit dem Abruf dieser Website gelten im Verh\u00e4ltnis zwischen dem Nutzer und dem Betreiber der Seite die folgenden Nutzungsbedingungen als verbindlich vereinbart.<\/p>\n<ol>\n<li>Die Inhalte dieser Website sind urheberrechtlich gesch\u00fctzt. Es ist, \u00fcber die nachfolgenden Ausnahmen hinaus, untersagt, die Website oder einzelne Teile davon zu vervielf\u00e4ltigen und zu verbreiten. Zul\u00e4ssig ist das Setzen von Links auf diese Website und die \u00dcbernahme kurzer Textsnippets im Rahmen des Zitatrechts, wobei das Einbinden dieser Website in Frames nur mit meiner Zustimmung zul\u00e4ssig ist. Weitere Details sind im Abschnitt\u00a0<strong>Leistungsschutzrecht und Verlinkungen\/Zitate<\/strong>\u00a0geregelt.<\/li>\n<li>Die Informationen in diesen Seiten werden ohne R\u00fccksicht auf einen eventuellen Patentschutz ver\u00f6ffentlicht. Viele Hardware- und Softwarebezeichnungen sind eingetragene Warenzeichen diverser Hersteller und sollten als solche betrachtet werden. Im Text vorkommende Namen von Warenzeichen werden ohne Gew\u00e4hrleistung der freien Verwendbarkeit benutzt.<\/li>\n<li>Als Betreiber hafte ich f\u00fcr die Inhalte dieser Website nach den gesetzlichen Bestimmungen. Ich \u00fcbernehme aber keine Gew\u00e4hr hinsichtlich der Richtigkeit oder Vollst\u00e4ndigkeit der auf dieser Website bereitgestellten Inhalte und Informationen. Haftungsanspr\u00fcche gegen den Autor, welche sich auf Sch\u00e4den materieller oder ideeller Art beziehen, die durch die Nutzung oder Nichtnutzung der dargebotenen Informationen bzw. durch die Nutzung fehlerhafter und unvollst\u00e4ndiger Informationen verursacht wurden, sind grunds\u00e4tzlich ausgeschlossen, sofern seitens des Autors kein nachweislich vors\u00e4tzliches oder grob fahrl\u00e4ssiges Verschulden vorliegt.<\/li>\n<li>Alle Angebote sind freibleibend und unverbindlich. Ich behalte mir ausdr\u00fccklich das Recht vor, Teile der Seiten oder das gesamte Angebot ohne gesonderte Ank\u00fcndigung zu ver\u00e4ndern, zu erg\u00e4nzen, zu l\u00f6schen oder die Ver\u00f6ffentlichung zeitweise oder endg\u00fcltig einzustellen.<\/li>\n<li>Sofern zwischen mir als Betreiber und dem Nutzer ein Vertragsverh\u00e4ltnis zustande kommt, findet auf die vertraglichen Beziehungen das Recht der Bundesrepublik Deutschland Anwendung. Von dieser Rechtswahl ausgenommen sind die zwingenden Verbraucherschutzvorschriften des Landes, in dem der Kunde seinen gew\u00f6hnlichen Aufenthalt hat. Die Rechtswahl gilt ferner nicht, sofern der Nutzer die Verletzung von Immaterialg\u00fcterrechte geltend macht. Die Anwendung des UN-Kaufrechts ist ausgeschlossen.<\/li>\n<li>Gerichtsstand f\u00fcr alle Streitigkeiten, die mit der Nutzung der Website zusammenh\u00e4ngen, ist der Sitz des Betreibers, sofern es sich bei dem Nutzer um einen Kaufmann, eine juristische Person des \u00f6ffentlichen Rechts oder ein \u00f6ffentlich-rechtliches Sonderverm\u00f6gen handelt.<\/li>\n<\/ol>\n<p>Sofern Teile oder einzelne Formulierungen dieser Nutzungsvereinbarung unzutreffend sind oder der geltenden Rechtslage nicht, nicht mehr oder nicht vollst\u00e4ndig entsprechen sollten, bleiben die \u00fcbrigen Teile der Nutzungsvereinbarung in ihrem Inhalt und ihrer G\u00fcltigkeit davon unber\u00fchrt.<\/p>\n<p>Als Autor bin ich bestrebt, in den Beitr\u00e4gen die Urheberrechte an verwendeten Bildern oder Inhalten und Texten zu beachten und Quellen entsprechend zu kennzeichnen. Sollten Sie in dieser Website auf Informationen sto\u00dfen, die gegen Urheber-, Wettbewerbs-, oder Presserecht oder sowie gesetzliche Regeln versto\u00dfen, setzen Sie sich bitte mit mir in Verbindung. R\u00fcckmeldungen oder Anregungen \u00fcber die oben angegebene E-Mail-Adresse. Ich werde die beanstandeten Sachverhalte (sofern berechtigt) korrigieren, oder sofern zust\u00e4ndig, an die DNV Media GmbH als Eigent\u00fcmer der Seite weiterleiten.<\/p>\n<h2>Verbraucherstreitbeilegung\/Universalschlichtungsstelle<\/h2>\n<p>Wir sind nicht bereit oder verpflichtet, an Streitbeilegungsverfahren vor einer<br \/>\nVerbraucherschlichtungsstelle teilzunehmen.<\/p>\n<h2>Datenschutzerkl\u00e4rung<\/h2>\n<p><a href=\"https:\/\/borncity.com\/blog\/datenschutzerklaerung\/\">Zur Datenschutzerkl\u00e4rung<\/a><\/p>\n<h2>Leistungsschutzrecht und Verlinkungen\/Zitate<\/h2>\n<p>Meine Position zur Verlinkung dieses Blogs und zur \u00dcbernahme von kurzen Zitaten im Sinne des Leistungsschutzrechts habe ich <a href=\"https:\/\/borncity.com\/blog\/2013\/03\/04\/irrsinn-leistungsschutzrecht-und-mein-blog\/\">in diesem Artikel<\/a> zum Ausdruck gebracht. Kurzfassung: Verlinkungen und kurze Zitate sind ok und (mit Angabe der Quelle) zul\u00e4ssig und erw\u00fcnscht. Bitte aber keine \u00dcbernahme kompletter Artikel mit oder ohne Quellenangabe (straft den Blog auch noch bei Google wegen Duplicate Content ab).<\/p>\n<p>(c) G\u00fcnter Born 2011-2026<\/p>\n","protected":false},"excerpt":{"rendered":"<p>Dies ist der Blog des Autors G\u00fcnter Born\u00a0mit Impressum und Disclaimer f\u00fcr die Websites\u00a0borncity.de\u00a0und\u00a0borncity.com\/blog. Impressum Betreiber des Blogs und redaktionell f\u00fcr die Inhalte verantwortlich. G\u00fcnter Born Zum Gimbacher Hof 2a 65779 Kelkheim Tel. +49 6195-61103 (das ist keine Support-Hotline f\u00fcr &hellip; <a href=\"https:\/\/borncity.com\/blog\/about\/\">Weiterlesen <span class=\"meta-nav\">&rarr;<\/span><\/a><\/p>\n","protected":false},"author":1,"featured_media":0,"parent":0,"menu_order":9,"comment_status":"closed","ping_status":"closed","template":"","meta":{"footnotes":""},"class_list":["post-2","page","type-page","status-publish","hentry"],"_links":{"self":[{"href":"https:\/\/borncity.com\/blog\/wp-json\/wp\/v2\/pages\/2","targetHints":{"allow":["GET"]}}],"collection":[{"href":"https:\/\/borncity.com\/blog\/wp-json\/wp\/v2\/pages"}],"about":[{"href":"https:\/\/borncity.com\/blog\/wp-json\/wp\/v2\/types\/page"}],"author":[{"embeddable":true,"href":"https:\/\/borncity.com\/blog\/wp-json\/wp\/v2\/users\/1"}],"replies":[{"embeddable":true,"href":"https:\/\/borncity.com\/blog\/wp-json\/wp\/v2\/comments?post=2"}],"version-history":[{"count":6,"href":"https:\/\/borncity.com\/blog\/wp-json\/wp\/v2\/pages\/2\/revisions"}],"predecessor-version":[{"id":320371,"href":"https:\/\/borncity.com\/blog\/wp-json\/wp\/v2\/pages\/2\/revisions\/320371"}],"wp:attachment":[{"href":"https:\/\/borncity.com\/blog\/wp-json\/wp\/v2\/media?parent=2"}],"curies":[{"name":"wp","href":"https:\/\/api.w.org\/{rel}","templated":true}]}}