{"id":212330,"date":"2018-12-03T10:22:20","date_gmt":"2018-12-03T09:22:20","guid":{"rendered":"https:\/\/www.borncity.com\/blog\/?page_id=212330"},"modified":"2025-12-01T15:50:05","modified_gmt":"2025-12-01T14:50:05","slug":"kommentieren-im-blog","status":"publish","type":"page","link":"https:\/\/borncity.com\/blog\/kommentieren-im-blog\/","title":{"rendered":"Kommentieren im Blog"},"content":{"rendered":"<p>F\u00fcr den eiligen Leser eine Kurzfassung, was man bez\u00fcglich der Kommentierung wissen sollte.<\/p>\n<h2>Kann ich kommentieren?<\/h2>\n<p>Kommentieren ist hier im Blog (bei den meisten Beitr\u00e4gen) m\u00f6glich und ich lasse auch anonyme Kommentare zu. Dazu findet sich unterhalb des Beitrags &#8211; sofern Kommentare erlaubt sind &#8211; ein entsprechendes Formular.<\/p>\n<ul>\n<li>Man braucht keinen Namen, keine E-Mail-Adresse und keine URL einzugeben (darf das aber gerne tun, ist ein Gebot der H\u00f6flichkeit, verwendet notfalls einen Nick-Namen und eine Spam-Mail-Adresse).<\/li>\n<li>Es ist auch keine Nutzeranmeldung erforderlich &#8211; bzw. das ist auch aus Sicherheitsgr\u00fcnden von mir in den Blogs nicht vorgesehen.<\/li>\n<li>Es muss lediglich die Annahme der DSGVO-Zustimmung best\u00e4tigt werden. Das zeichne ich aus rechtlichen Gr\u00fcnden auf.<\/li>\n<li>Bitte verzichtet darauf, irgendwelche, nicht existierende Phantasie-URLs in das betreffende URL-Feld einzutragen &#8211; das f\u00fchrt zu gebrochenen Links, die muss ich dann h\u00e4ndisch l\u00f6schen. <em>Anmerkung:<\/em> Das URL-Feld ist inzwischen ausgeblendet.<\/li>\n<li>Bitte verzichtet auch darauf, Seiten zu SEO-Zwecken \u00fcber dieses URL-Feld zu posten &#8211; das l\u00f6sche ich rigoros.<\/li>\n<li>Eine Bitte: Legt einen zivilisierten Stil in den Kommentaren zugrunde &#8211; gute Kommentare sind f\u00fcr die Community der Blog-Leser\/innen hilfreich &#8211; Hass-Postings, pers\u00f6nliche Beschimpfungen\/Beleidigungen, weit abdriftende politische Monologe etc. sind unerw\u00fcnscht.<\/li>\n<\/ul>\n<p><img loading=\"lazy\" decoding=\"async\" src=\"https:\/\/vg08.met.vgwort.de\/na\/3d5b168225b04183ab9401837993b966\" alt=\"\" width=\"1\" height=\"1\" \/>Ich werde bei Bedarf daher moderierend in Kommentare eingreifen, wenn Kommentatoren sich nicht an die Regeln halten. An dieser Stelle mein Dank und ein Lob an den Gro\u00dfteil der Kommentatoren f\u00fcr den zivilisierten Umgangston.<\/p>\n<blockquote><p><strong>Erg\u00e4nzung August 2024:<\/strong> In letzter Zeit h\u00e4ufen sich die politischen und weltanschaulich oft arg abschweifenden Kommentare zu Blog-Beitr\u00e4gen. W\u00e4re mir noch weitgehend egal, solange es keine justiziablen Inhalte sind. Aber durch solche Kommentare kommt es regelm\u00e4\u00dfig zu recht \"unproduktiven\" <a href=\"https:\/\/de.wikipedia.org\/wiki\/Flame_(Netzkultur)#:~:text=Ein%20Flame%2DWar%20(deutsch%20Flammen,%E2%80%9Ak%C3%B6dern')%20bezogen%20sind.\" target=\"_blank\" rel=\"noopener\">Flame-Wars<\/a>\". Ich behalte mir inzwischen vor, so was rigoros zu l\u00f6schen. Und ich habe inzwischen einzelne Nutzer (gezwungener Weise) auf den Status \"alle Kommentare moderieren\" gesetzt. Bei wiederholten Verst\u00f6\u00dfen und wenn nicht auf Ermahnungen meinerseits reagiert ist, sperre ich auch Nutzer von der Kommentierung aus.<\/p>\n<p><strong>Erg\u00e4nzung 30. Juni 2025:<\/strong> Da die Zahl der \"Stammtisch\" Posts mit politischen Botschaften, die selten zu Artikeln passen, oder das gegenseitige Beharken von Lesern wegen Banalit\u00e4ten wie die Frage Windows versus Linux, Microsoft Office versus Alternativen \u00fcberhand genommen hat, werde ich ab sofort alle Kommentare, die vom Thema des Artikels abschweifen oder gegen die guten Sitten versto\u00dfen, rigoros l\u00f6schen. Nutzer, die wiederholt Kommentare abgeben, die gel\u00f6scht werden m\u00fcssen, werden nach Verwarnung gesperrt.<\/p><\/blockquote>\n<h2>Mein Kommentar verschwindet, warum?<\/h2>\n<p>Um aber die rechtlichen Anforderung zu erf\u00fcllen und mich vor Hasskommentaren, Spam-Beitr\u00e4gen etc. zu sch\u00fctzen, werden Kommentare, die bestimmten Filterkriterien entsprechen, entweder automatisch gel\u00f6scht oder in einen Moderationsbereich zur manuellen Freigabe durch mich verschoben.<\/p>\n<blockquote><p>Dazu geh\u00f6ren Kommentare von 'Erstbenutzern', aber auch Postings, die Links enthalten oder die Begriffe, die ich in Filterlisten eingetragen habe, aufweisen.<\/p><\/blockquote>\n<p>Diese Kommentare werden erst sichtbar, nachdem diese von mir gelesen und ggf. explizit freigegeben wurden. Spam-Eintr\u00e4ge und Kommentare, die gegen die obigen Regeln 'der guten Sitten' versto\u00dfen, werden durch mich rigoros gel\u00f6scht.<\/p>\n<blockquote><p><strong>Anmerkung:<\/strong> Diese Regeln gelten f\u00fcr alle Blogs auf borncity.com &#8211; auch wenn ich nicht in jedem Blog separat darauf hinweise. Und: Ja, es kann einige Stunden dauern, bis ich einen Kommentar freischalte, da ich nicht rund um die Uhr da sitze und schaue, ob da vielleicht jemand kommentiert ;-).<\/p><\/blockquote>\n<h2>Es gibt Fragen?<\/h2>\n<p>Erfahrungsgem\u00e4\u00df tauchen immer wieder Fragen rund um die Kommentarfunktion auf. Ich habe alles Wissenswerte und Hintergrundinformationen bez\u00fcglich der Kommentierung hier im Blog im Beitrag\u00a0<a href=\"https:\/\/borncity.com\/blog\/2018\/08\/04\/hinweise-zur-kommentarfunktion-im-blog\/\">Hinweise zur Kommentarfunktion<\/a> zusammen getragen. Dort steht auch, wie man Kommentare formatieren kann, oder was bez\u00fcglich Links oder Bildern in Kommentaren gilt bzw. zu beachten ist. Im Beitrag erf\u00e4hrt man zum Beispiel auch detaillierter, nach welchen Kriterien Kommentare gefiltert und zur Moderation eingestuft werden.<\/p>\n","protected":false},"excerpt":{"rendered":"<p>F\u00fcr den eiligen Leser eine Kurzfassung, was man bez\u00fcglich der Kommentierung wissen sollte. Kann ich kommentieren? Kommentieren ist hier im Blog (bei den meisten Beitr\u00e4gen) m\u00f6glich und ich lasse auch anonyme Kommentare zu. Dazu findet sich unterhalb des Beitrags &#8211; &hellip; <a href=\"https:\/\/borncity.com\/blog\/kommentieren-im-blog\/\">Weiterlesen <span class=\"meta-nav\">&rarr;<\/span><\/a><\/p>\n","protected":false},"author":2,"featured_media":0,"parent":0,"menu_order":0,"comment_status":"closed","ping_status":"closed","template":"","meta":{"footnotes":""},"class_list":["post-212330","page","type-page","status-publish","hentry"],"_links":{"self":[{"href":"https:\/\/borncity.com\/blog\/wp-json\/wp\/v2\/pages\/212330","targetHints":{"allow":["GET"]}}],"collection":[{"href":"https:\/\/borncity.com\/blog\/wp-json\/wp\/v2\/pages"}],"about":[{"href":"https:\/\/borncity.com\/blog\/wp-json\/wp\/v2\/types\/page"}],"author":[{"embeddable":true,"href":"https:\/\/borncity.com\/blog\/wp-json\/wp\/v2\/users\/2"}],"replies":[{"embeddable":true,"href":"https:\/\/borncity.com\/blog\/wp-json\/wp\/v2\/comments?post=212330"}],"version-history":[{"count":2,"href":"https:\/\/borncity.com\/blog\/wp-json\/wp\/v2\/pages\/212330\/revisions"}],"predecessor-version":[{"id":318860,"href":"https:\/\/borncity.com\/blog\/wp-json\/wp\/v2\/pages\/212330\/revisions\/318860"}],"wp:attachment":[{"href":"https:\/\/borncity.com\/blog\/wp-json\/wp\/v2\/media?parent=212330"}],"curies":[{"name":"wp","href":"https:\/\/api.w.org\/{rel}","templated":true}]}}