{"id":218454,"date":"2019-05-25T14:35:10","date_gmt":"2019-05-25T12:35:10","guid":{"rendered":"https:\/\/www.borncity.com\/blog\/?page_id=218454"},"modified":"2026-04-24T11:08:13","modified_gmt":"2026-04-24T09:08:13","slug":"diskussion-allgemeines","status":"publish","type":"page","link":"https:\/\/borncity.com\/blog\/diskussion-allgemeines\/","title":{"rendered":"Diskussion"},"content":{"rendered":"<p>Auf dieser Seite k\u00f6nnen Blog-Leser\/innen allgemeine Sachen diskutieren oder Hinweise zu Themen oder zum Blog geben. Beachtet aber bitte die Umgangsformen untereinander und meine Hinweise unter <a href=\"https:\/\/borncity.com\/blog\/kommentieren-im-blog\/\">Kommentieren im Blog<\/a>. Zudem muss ich die Eintr\u00e4ge zyklisch l\u00f6schen, damit die Diskussion nicht ins Unendliche w\u00e4chst (wobei ich mit dem L\u00f6schen nicht immer so konsequent chronologisch vorgehe &#8211; gibt ja \"k\u00f6nntest Du nochmals brauchen\"-Themen. Danke.<\/p>\n","protected":false},"excerpt":{"rendered":"<p>Auf dieser Seite k\u00f6nnen Blog-Leser\/innen allgemeine Sachen diskutieren oder Hinweise zu Themen oder zum Blog geben. Beachtet aber bitte die Umgangsformen untereinander und meine Hinweise unter Kommentieren im Blog. Zudem muss ich die Eintr\u00e4ge zyklisch l\u00f6schen, damit die Diskussion nicht &hellip; <a href=\"https:\/\/borncity.com\/blog\/diskussion-allgemeines\/\">Weiterlesen <span class=\"meta-nav\">&rarr;<\/span><\/a><\/p>\n","protected":false},"author":2,"featured_media":0,"parent":0,"menu_order":0,"comment_status":"open","ping_status":"closed","template":"","meta":{"footnotes":""},"class_list":["post-218454","page","type-page","status-publish","hentry"],"_links":{"self":[{"href":"https:\/\/borncity.com\/blog\/wp-json\/wp\/v2\/pages\/218454","targetHints":{"allow":["GET"]}}],"collection":[{"href":"https:\/\/borncity.com\/blog\/wp-json\/wp\/v2\/pages"}],"about":[{"href":"https:\/\/borncity.com\/blog\/wp-json\/wp\/v2\/types\/page"}],"author":[{"embeddable":true,"href":"https:\/\/borncity.com\/blog\/wp-json\/wp\/v2\/users\/2"}],"replies":[{"embeddable":true,"href":"https:\/\/borncity.com\/blog\/wp-json\/wp\/v2\/comments?post=218454"}],"version-history":[{"count":3,"href":"https:\/\/borncity.com\/blog\/wp-json\/wp\/v2\/pages\/218454\/revisions"}],"predecessor-version":[{"id":324115,"href":"https:\/\/borncity.com\/blog\/wp-json\/wp\/v2\/pages\/218454\/revisions\/324115"}],"wp:attachment":[{"href":"https:\/\/borncity.com\/blog\/wp-json\/wp\/v2\/media?parent=218454"}],"curies":[{"name":"wp","href":"https:\/\/api.w.org\/{rel}","templated":true}]}}